{"id":40,"date":"2025-07-15T02:44:33","date_gmt":"2025-07-15T02:44:33","guid":{"rendered":"https:\/\/carlosvirguez.com\/?page_id=40"},"modified":"2025-11-07T13:30:18","modified_gmt":"2025-11-07T13:30:18","slug":"disenador-grafico-y-creador-de-contenido","status":"publish","type":"page","link":"https:\/\/carlosvirguez.com\/","title":{"rendered":"Dise\u00f1ador gr\u00e1fico y creador de contenido"},"content":{"rendered":"\t\t<div data-elementor-type=\"wp-page\" data-elementor-id=\"40\" class=\"elementor elementor-40\" data-elementor-post-type=\"page\">\n\t\t\t\t<div class=\"elementor-element elementor-element-9eb9340 e-con-full e-flex e-con e-parent\" data-id=\"9eb9340\" data-element_type=\"container\" data-settings=\"{&quot;background_background&quot;:&quot;classic&quot;}\">\n\t\t<div class=\"elementor-element elementor-element-3dd78d1 e-flex e-con-boxed e-con e-child\" data-id=\"3dd78d1\" data-element_type=\"container\">\n\t\t\t\t\t<div class=\"e-con-inner\">\n\t\t\t\t<div class=\"elementor-element elementor-element-9f10beb elementor-widget__width-initial elementor-mobile-align-right elementor-align-center elementor-widget elementor-widget-lottie\" data-id=\"9f10beb\" data-element_type=\"widget\" data-settings=\"{&quot;source_json&quot;:{&quot;url&quot;:&quot;https:\\\/\\\/carlosvirguez.com\\\/wp-content\\\/uploads\\\/2025\\\/07\\\/logo.json&quot;,&quot;id&quot;:83,&quot;size&quot;:&quot;&quot;,&quot;alt&quot;:&quot;&quot;,&quot;source&quot;:&quot;library&quot;},&quot;play_speed&quot;:{&quot;unit&quot;:&quot;px&quot;,&quot;size&quot;:2.100000000000000088817841970012523233890533447265625,&quot;sizes&quot;:[]},&quot;source&quot;:&quot;media_file&quot;,&quot;caption_source&quot;:&quot;none&quot;,&quot;link_to&quot;:&quot;none&quot;,&quot;trigger&quot;:&quot;arriving_to_viewport&quot;,&quot;viewport&quot;:{&quot;unit&quot;:&quot;%&quot;,&quot;size&quot;:&quot;&quot;,&quot;sizes&quot;:{&quot;start&quot;:0,&quot;end&quot;:100}},&quot;start_point&quot;:{&quot;unit&quot;:&quot;%&quot;,&quot;size&quot;:0,&quot;sizes&quot;:[]},&quot;end_point&quot;:{&quot;unit&quot;:&quot;%&quot;,&quot;size&quot;:100,&quot;sizes&quot;:[]},&quot;renderer&quot;:&quot;svg&quot;}\" data-widget_type=\"lottie.default\">\n\t\t\t\t\t<div class=\"e-lottie__container\"><div class=\"e-lottie__animation\"><\/div><\/div>\t\t\t\t<\/div>\n\t\t\t\t\t<\/div>\n\t\t\t\t<\/div>\n\t\t\t\t<div class=\"elementor-element elementor-element-75123f7 elementor-widget__width-initial elementor-widget elementor-widget-heading\" data-id=\"75123f7\" data-element_type=\"widget\" data-widget_type=\"heading.default\">\n\t\t\t\t\t<h1 class=\"elementor-heading-title elementor-size-default\">Dise\u00f1o, fotograf\u00eda y producci\u00f3n<br> gr\u00e1fica para que<br>tu marca hable por ti<\/h1>\t\t\t\t<\/div>\n\t\t\t\t<div class=\"elementor-element elementor-element-9ecb6fe elementor-widget__width-initial elementor-widget elementor-widget-heading\" data-id=\"9ecb6fe\" data-element_type=\"widget\" data-widget_type=\"heading.default\">\n\t\t\t\t\t<h2 class=\"elementor-heading-title elementor-size-default\">Planes pensados para emprendedores,  <br>empresas y creadores que buscan<br> diferenciarse.<\/h2>\t\t\t\t<\/div>\n\t\t\t\t<div class=\"elementor-element elementor-element-c3610d5 elementor-widget__width-initial elementor-widget elementor-widget-button\" data-id=\"c3610d5\" data-element_type=\"widget\" data-widget_type=\"button.default\">\n\t\t\t\t\t\t\t\t\t\t<a class=\"elementor-button elementor-button-link elementor-size-sm\" href=\"https:\/\/wa.me\/56973484868?text=hola!%20vengo%20de%20la%20web%20me%20gustar\u00eda%20mas%20informaci\u00f3n\">\n\t\t\t\t\t\t<span class=\"elementor-button-content-wrapper\">\n\t\t\t\t\t\t\t\t\t<span class=\"elementor-button-text\">whatsapeame<\/span>\n\t\t\t\t\t<\/span>\n\t\t\t\t\t<\/a>\n\t\t\t\t\t\t\t\t<\/div>\n\t\t\t\t<\/div>\n\t\t<div class=\"elementor-element elementor-element-4b3adeb e-con-full e-flex e-con e-parent\" data-id=\"4b3adeb\" data-element_type=\"container\" data-settings=\"{&quot;background_background&quot;:&quot;classic&quot;}\">\n\t\t<div class=\"elementor-element elementor-element-1879bf9 e-con-full e-flex e-con e-child\" data-id=\"1879bf9\" data-element_type=\"container\">\n\t\t\t\t<div class=\"elementor-element elementor-element-e4de6c1 elementor-widget elementor-widget-heading\" data-id=\"e4de6c1\" data-element_type=\"widget\" data-widget_type=\"heading.default\">\n\t\t\t\t\t<h2 class=\"elementor-heading-title elementor-size-default\">\u00bfQu\u00e9 hago?<\/h2>\t\t\t\t<\/div>\n\t\t\t\t<div class=\"elementor-element elementor-element-a6ad298 elementor-widget elementor-widget-text-editor\" data-id=\"a6ad298\" data-element_type=\"widget\" data-widget_type=\"text-editor.default\">\n\t\t\t\t\t\t\t\t\t<p><strong>Dise\u00f1os gr\u00e1ficos<\/strong>\u00a0y\u00a0<strong>dise\u00f1os web<\/strong> personalizados para empresas\u00a0 y emprendedores de todos los rubros.<\/p><p><strong>producci\u00f3n gr\u00e1fica e instalaciones\u00a0<\/strong>hago gestion para entregar un producto terminado y de calidad,<\/p><p>Ofrecemos una amplia gama de servicios con <strong>tarifas competitivas<\/strong>\u00a0adaptadas a\u00a0<strong>proyectos de branding<\/strong>,\u00a0<strong>logotipos<\/strong>, contenido para redes sociales,\u00a0 y todo\u00a0 lo que necesites para destacar en el mercado\u00a0 visualmente<\/p>\t\t\t\t\t\t\t\t<\/div>\n\t\t\t\t<\/div>\n\t\t\t\t<\/div>\n\t\t<div class=\"elementor-element elementor-element-000854d e-con-full #services e-flex e-con e-parent\" data-id=\"000854d\" data-element_type=\"container\" id=\"#services\" data-settings=\"{&quot;background_background&quot;:&quot;classic&quot;}\">\n\t\t\t\t<div class=\"elementor-element elementor-element-712c11f elementor-widget elementor-widget-heading\" data-id=\"712c11f\" data-element_type=\"widget\" id=\"#planesytarifas\" data-widget_type=\"heading.default\">\n\t\t\t\t\t<h1 class=\"elementor-heading-title elementor-size-default\">Planes y tarifas<\/h1>\t\t\t\t<\/div>\n\t\t<div class=\"elementor-element elementor-element-10c403b e-flex e-con-boxed e-con e-child\" data-id=\"10c403b\" data-element_type=\"container\">\n\t\t\t\t\t<div class=\"e-con-inner\">\n\t\t\t\t<div class=\"elementor-element elementor-element-c42dfa4 elementor-widget elementor-widget-heading\" data-id=\"c42dfa4\" data-element_type=\"widget\" data-widget_type=\"heading.default\">\n\t\t\t\t\t<h2 class=\"elementor-heading-title elementor-size-default\">Dise\u00f1o de logos<\/h2>\t\t\t\t<\/div>\n\t\t\t\t\t<\/div>\n\t\t\t\t<\/div>\n\t\t<div class=\"elementor-element elementor-element-c3c3b40 e-con-full e-flex e-con e-child\" data-id=\"c3c3b40\" data-element_type=\"container\" data-settings=\"{&quot;background_background&quot;:&quot;classic&quot;}\">\n\t\t<div class=\"elementor-element elementor-element-ffdafd3 e-grid e-con-full e-con e-child\" data-id=\"ffdafd3\" data-element_type=\"container\">\n\t\t<div class=\"elementor-element elementor-element-98fb12d e-con-full e-flex e-con e-child\" data-id=\"98fb12d\" data-element_type=\"container\" data-settings=\"{&quot;background_background&quot;:&quot;classic&quot;}\">\n\t\t\t\t<div class=\"elementor-element elementor-element-5f10b94 elementor-widget elementor-widget-heading\" data-id=\"5f10b94\" data-element_type=\"widget\" data-widget_type=\"heading.default\">\n\t\t\t\t\t<h2 class=\"elementor-heading-title elementor-size-default\">Plan B\u00e1sico \u2013 Logo Esencial<\/h2>\t\t\t\t<\/div>\n\t\t<div class=\"elementor-element elementor-element-81e3ea4 e-con-full e-flex e-con e-child\" data-id=\"81e3ea4\" data-element_type=\"container\">\n\t\t\t\t<div class=\"elementor-element elementor-element-49da76d elementor-widget elementor-widget-text-editor\" data-id=\"49da76d\" data-element_type=\"widget\" data-widget_type=\"text-editor.default\">\n\t\t\t\t\t\t\t\t\t<p>1 propuesta inicial<\/p><p>2 revisiones<\/p><p>Imagen de muestra<\/p><p>Entrega en formato variado<\/p><p>Formato vectorial<\/p><p>Ideal para: emprendedores que necesitan dar marcha as proyectos.<\/p><h3><em><strong>$80.000 cl<\/strong><\/em><\/h3>\t\t\t\t\t\t\t\t<\/div>\n\t\t\t\t<div class=\"elementor-element elementor-element-987a6e5 elementor-align-center elementor-widget elementor-widget-button\" data-id=\"987a6e5\" data-element_type=\"widget\" data-widget_type=\"button.default\">\n\t\t\t\t\t\t\t\t\t\t<a class=\"elementor-button elementor-button-link elementor-size-sm\" href=\"https:\/\/wa.me\/56973484868?text=hola!%20quieri%20el%20plan%20basico%20logo%20esencial\">\n\t\t\t\t\t\t<span class=\"elementor-button-content-wrapper\">\n\t\t\t\t\t\t\t\t\t<span class=\"elementor-button-text\">quiero este!<\/span>\n\t\t\t\t\t<\/span>\n\t\t\t\t\t<\/a>\n\t\t\t\t\t\t\t\t<\/div>\n\t\t\t\t<\/div>\n\t\t\t\t<\/div>\n\t\t<div class=\"elementor-element elementor-element-bebdd8b e-con-full e-flex e-con e-child\" data-id=\"bebdd8b\" data-element_type=\"container\" data-settings=\"{&quot;background_background&quot;:&quot;classic&quot;}\">\n\t\t\t\t<div class=\"elementor-element elementor-element-8f095ba elementor-widget elementor-widget-heading\" data-id=\"8f095ba\" data-element_type=\"widget\" data-widget_type=\"heading.default\">\n\t\t\t\t\t<h2 class=\"elementor-heading-title elementor-size-default\">Plan Premium \u2013 Logo Profesional<\/h2>\t\t\t\t<\/div>\n\t\t<div class=\"elementor-element elementor-element-eb0e13b e-con-full e-flex e-con e-child\" data-id=\"eb0e13b\" data-element_type=\"container\">\n\t\t\t\t<div class=\"elementor-element elementor-element-953f6be elementor-widget elementor-widget-text-editor\" data-id=\"953f6be\" data-element_type=\"widget\" data-widget_type=\"text-editor.default\">\n\t\t\t\t\t\t\t\t\t<p>2 propuesta inicial<\/p><p>3 revisiones<\/p><p>Manual b\u00e1sico de uso<\/p><p>Entrega en formato variado<\/p><p>Formato vectorial<\/p><p>Formato SII para la factura<\/p><p>BrandBoard<\/p><p>otimizacion de instagram\u00a0<\/p><p>3 dise\u00f1o para publicacion en redes<\/p><h3><em><strong>$120.000 cl<\/strong><\/em><\/h3>\t\t\t\t\t\t\t\t<\/div>\n\t\t\t\t<div class=\"elementor-element elementor-element-47fda08 elementor-align-center elementor-widget elementor-widget-button\" data-id=\"47fda08\" data-element_type=\"widget\" data-widget_type=\"button.default\">\n\t\t\t\t\t\t\t\t\t\t<a class=\"elementor-button elementor-button-link elementor-size-sm\" href=\"https:\/\/wa.me\/56973484868?text=hola!%20quieri%20el%20plan%20premium%20logo%20profesional\">\n\t\t\t\t\t\t<span class=\"elementor-button-content-wrapper\">\n\t\t\t\t\t\t\t\t\t<span class=\"elementor-button-text\">quiero este!<\/span>\n\t\t\t\t\t<\/span>\n\t\t\t\t\t<\/a>\n\t\t\t\t\t\t\t\t<\/div>\n\t\t\t\t<\/div>\n\t\t\t\t<\/div>\n\t\t\t\t<\/div>\n\t\t\t\t<\/div>\n\t\t\t\t<\/div>\n\t\t<div class=\"elementor-element elementor-element-bc524d4 e-con-full e-flex e-con e-parent\" data-id=\"bc524d4\" data-element_type=\"container\" data-settings=\"{&quot;background_background&quot;:&quot;classic&quot;}\">\n\t\t<div class=\"elementor-element elementor-element-a5a9baf e-flex e-con-boxed e-con e-child\" data-id=\"a5a9baf\" data-element_type=\"container\">\n\t\t\t\t\t<div class=\"e-con-inner\">\n\t\t\t\t<div class=\"elementor-element elementor-element-08ca558 elementor-widget__width-initial elementor-widget elementor-widget-heading\" data-id=\"08ca558\" data-element_type=\"widget\" data-widget_type=\"heading.default\">\n\t\t\t\t\t<h1 class=\"elementor-heading-title elementor-size-default\">Landing page<\/h1>\t\t\t\t<\/div>\n\t\t\t\t\t<\/div>\n\t\t\t\t<\/div>\n\t\t<div class=\"elementor-element elementor-element-efa7820 e-con-full e-flex e-con e-child\" data-id=\"efa7820\" data-element_type=\"container\" data-settings=\"{&quot;background_background&quot;:&quot;classic&quot;}\">\n\t\t<div class=\"elementor-element elementor-element-6b792c1 e-grid e-con-full e-con e-child\" data-id=\"6b792c1\" data-element_type=\"container\">\n\t\t<div class=\"elementor-element elementor-element-a2b4e80 e-con-full e-flex e-con e-child\" data-id=\"a2b4e80\" data-element_type=\"container\" data-settings=\"{&quot;background_background&quot;:&quot;classic&quot;}\">\n\t\t\t\t<div class=\"elementor-element elementor-element-b30904f elementor-widget elementor-widget-heading\" data-id=\"b30904f\" data-element_type=\"widget\" data-widget_type=\"heading.default\">\n\t\t\t\t\t<h2 class=\"elementor-heading-title elementor-size-default\">Landig page, scroll<\/h2>\t\t\t\t<\/div>\n\t\t<div class=\"elementor-element elementor-element-1f5f821 e-con-full e-flex e-con e-child\" data-id=\"1f5f821\" data-element_type=\"container\">\n\t\t\t\t<div class=\"elementor-element elementor-element-680a938 elementor-widget elementor-widget-text-editor\" data-id=\"680a938\" data-element_type=\"widget\" data-widget_type=\"text-editor.default\">\n\t\t\t\t\t\t\t\t\t<p>1 en\u00a0 pdf<\/p><p>2 revisiones<\/p><p>boton llamado a la accion<\/p><p>area de contacto con mapa y redes sociales<\/p><p>dise\u00f1o en worpress<\/p><p>Ideal para cambios futuros\u00a0 auto administrable<\/p>\t\t\t\t\t\t\t\t<\/div>\n\t\t\t\t<div class=\"elementor-element elementor-element-4df2947 elementor-align-center elementor-widget elementor-widget-button\" data-id=\"4df2947\" data-element_type=\"widget\" data-widget_type=\"button.default\">\n\t\t\t\t\t\t\t\t\t\t<a class=\"elementor-button elementor-button-link elementor-size-sm\" href=\"https:\/\/wa.me\/56973484868?text=hola!%20quieri%20el%20plan%20basico%20logo%20esencial\">\n\t\t\t\t\t\t<span class=\"elementor-button-content-wrapper\">\n\t\t\t\t\t\t\t\t\t<span class=\"elementor-button-text\">quiero este!<\/span>\n\t\t\t\t\t<\/span>\n\t\t\t\t\t<\/a>\n\t\t\t\t\t\t\t\t<\/div>\n\t\t\t\t<\/div>\n\t\t\t\t<\/div>\n\t\t<div class=\"elementor-element elementor-element-74c3fcb e-con-full e-flex e-con e-child\" data-id=\"74c3fcb\" data-element_type=\"container\">\n\t\t\t\t<div class=\"elementor-element elementor-element-87dee53 elementor-widget elementor-widget-image\" data-id=\"87dee53\" data-element_type=\"widget\" data-settings=\"{&quot;motion_fx_motion_fx_mouse&quot;:&quot;yes&quot;,&quot;motion_fx_tilt_effect&quot;:&quot;yes&quot;,&quot;motion_fx_tilt_speed&quot;:{&quot;unit&quot;:&quot;px&quot;,&quot;size&quot;:8.199999999999999289457264239899814128875732421875,&quot;sizes&quot;:[]}}\" data-widget_type=\"image.default\">\n\t\t\t\t\t\t\t\t\t\t\t\t\t\t\t\t<a href=\"#\">\n\t\t\t\t\t\t\t<img fetchpriority=\"high\" decoding=\"async\" width=\"2048\" height=\"1366\" src=\"https:\/\/carlosvirguez.com\/wp-content\/uploads\/2025\/11\/landing-page-2048x1366.png\" class=\"attachment-2048x2048 size-2048x2048 wp-image-290\" alt=\"\" srcset=\"https:\/\/carlosvirguez.com\/wp-content\/uploads\/2025\/11\/landing-page-2048x1366.png 2048w, https:\/\/carlosvirguez.com\/wp-content\/uploads\/2025\/11\/landing-page-300x200.png 300w, https:\/\/carlosvirguez.com\/wp-content\/uploads\/2025\/11\/landing-page-1024x683.png 1024w, https:\/\/carlosvirguez.com\/wp-content\/uploads\/2025\/11\/landing-page-768x512.png 768w, https:\/\/carlosvirguez.com\/wp-content\/uploads\/2025\/11\/landing-page-1536x1025.png 1536w\" sizes=\"(max-width: 2048px) 100vw, 2048px\" \/>\t\t\t\t\t\t\t\t<\/a>\n\t\t\t\t\t\t\t\t\t\t\t\t\t\t\t<\/div>\n\t\t\t\t<\/div>\n\t\t\t\t<\/div>\n\t\t\t\t<\/div>\n\t\t\t\t<\/div>\n\t\t\t\t<\/div>\n\t\t","protected":false},"excerpt":{"rendered":"<p>Dise\u00f1o, fotograf\u00eda y producci\u00f3n gr\u00e1fica para quetu marca hable por ti Planes pensados para emprendedores, empresas y creadores que buscan diferenciarse. whatsapeame \u00bfQu\u00e9 hago? Dise\u00f1os gr\u00e1ficos\u00a0y\u00a0dise\u00f1os web personalizados para empresas\u00a0 y emprendedores de todos los rubros. producci\u00f3n gr\u00e1fica e instalaciones\u00a0hago gestion para entregar un producto terminado y de calidad, Ofrecemos una amplia gama de servicios [&hellip;]<\/p>\n","protected":false},"author":1,"featured_media":0,"parent":0,"menu_order":0,"comment_status":"closed","ping_status":"closed","template":"","meta":{"footnotes":""},"class_list":["post-40","page","type-page","status-publish","hentry"],"yoast_head":"<!-- This site is optimized with the Yoast SEO plugin v25.8 - https:\/\/yoast.com\/wordpress\/plugins\/seo\/ -->\n<title>Dise\u00f1ador gr\u00e1fico y creador de contenido - Dise\u00f1ador gr\u00e1fico y creador de contenido<\/title>\n<meta name=\"robots\" content=\"index, follow, max-snippet:-1, max-image-preview:large, max-video-preview:-1\" \/>\n<link rel=\"canonical\" href=\"https:\/\/carlosvirguez.com\/\" \/>\n<meta property=\"og:locale\" content=\"es_ES\" \/>\n<meta property=\"og:type\" content=\"article\" \/>\n<meta property=\"og:title\" content=\"Dise\u00f1ador gr\u00e1fico y creador de contenido - Dise\u00f1ador gr\u00e1fico y creador de contenido\" \/>\n<meta property=\"og:description\" content=\"Dise\u00f1o, fotograf\u00eda y producci\u00f3n gr\u00e1fica para quetu marca hable por ti Planes pensados para emprendedores, empresas y creadores que buscan diferenciarse. whatsapeame \u00bfQu\u00e9 hago? Dise\u00f1os gr\u00e1ficos\u00a0y\u00a0dise\u00f1os web personalizados para empresas\u00a0 y emprendedores de todos los rubros. producci\u00f3n gr\u00e1fica e instalaciones\u00a0hago gestion para entregar un producto terminado y de calidad, Ofrecemos una amplia gama de servicios [&hellip;]\" \/>\n<meta property=\"og:url\" content=\"https:\/\/carlosvirguez.com\/\" \/>\n<meta property=\"og:site_name\" content=\"Dise\u00f1ador gr\u00e1fico y creador de contenido\" \/>\n<meta property=\"article:modified_time\" content=\"2025-11-07T13:30:18+00:00\" \/>\n<meta property=\"og:image\" content=\"https:\/\/carlosvirguez.com\/wp-content\/uploads\/2025\/11\/landing-page-1024x683.png\" \/>\n\t<meta property=\"og:image:width\" content=\"1024\" \/>\n\t<meta property=\"og:image:height\" content=\"683\" \/>\n\t<meta property=\"og:image:type\" content=\"image\/png\" \/>\n<meta name=\"twitter:card\" content=\"summary_large_image\" \/>\n<meta name=\"twitter:label1\" content=\"Tiempo de lectura\" \/>\n\t<meta name=\"twitter:data1\" content=\"2 minutos\" \/>\n<script type=\"application\/ld+json\" class=\"yoast-schema-graph\">{\"@context\":\"https:\/\/schema.org\",\"@graph\":[{\"@type\":\"WebPage\",\"@id\":\"https:\/\/carlosvirguez.com\/\",\"url\":\"https:\/\/carlosvirguez.com\/\",\"name\":\"Dise\u00f1ador gr\u00e1fico y creador de contenido - Dise\u00f1ador gr\u00e1fico y creador de contenido\",\"isPartOf\":{\"@id\":\"https:\/\/carlosvirguez.com\/#website\"},\"primaryImageOfPage\":{\"@id\":\"https:\/\/carlosvirguez.com\/#primaryimage\"},\"image\":{\"@id\":\"https:\/\/carlosvirguez.com\/#primaryimage\"},\"thumbnailUrl\":\"https:\/\/carlosvirguez.com\/wp-content\/uploads\/2025\/11\/landing-page-2048x1366.png\",\"datePublished\":\"2025-07-15T02:44:33+00:00\",\"dateModified\":\"2025-11-07T13:30:18+00:00\",\"breadcrumb\":{\"@id\":\"https:\/\/carlosvirguez.com\/#breadcrumb\"},\"inLanguage\":\"es\",\"potentialAction\":[{\"@type\":\"ReadAction\",\"target\":[\"https:\/\/carlosvirguez.com\/\"]}]},{\"@type\":\"ImageObject\",\"inLanguage\":\"es\",\"@id\":\"https:\/\/carlosvirguez.com\/#primaryimage\",\"url\":\"https:\/\/carlosvirguez.com\/wp-content\/uploads\/2025\/11\/landing-page-scaled.png\",\"contentUrl\":\"https:\/\/carlosvirguez.com\/wp-content\/uploads\/2025\/11\/landing-page-scaled.png\",\"width\":2560,\"height\":1708},{\"@type\":\"BreadcrumbList\",\"@id\":\"https:\/\/carlosvirguez.com\/#breadcrumb\",\"itemListElement\":[{\"@type\":\"ListItem\",\"position\":1,\"name\":\"Portada\",\"item\":\"https:\/\/carlosvirguez.com\/\"},{\"@type\":\"ListItem\",\"position\":2,\"name\":\"Dise\u00f1ador gr\u00e1fico y creador de contenido\"}]},{\"@type\":\"WebSite\",\"@id\":\"https:\/\/carlosvirguez.com\/#website\",\"url\":\"https:\/\/carlosvirguez.com\/\",\"name\":\"carlos-virguez\",\"description\":\"Ayudo a marcas y emprendedores a destacar en redes con dise\u00f1o gr\u00e1fico, fotograf\u00eda, video y contenido impactante.\",\"publisher\":{\"@id\":\"https:\/\/carlosvirguez.com\/#organization\"},\"alternateName\":\"soy-carlos\",\"potentialAction\":[{\"@type\":\"SearchAction\",\"target\":{\"@type\":\"EntryPoint\",\"urlTemplate\":\"https:\/\/carlosvirguez.com\/?s={search_term_string}\"},\"query-input\":{\"@type\":\"PropertyValueSpecification\",\"valueRequired\":true,\"valueName\":\"search_term_string\"}}],\"inLanguage\":\"es\"},{\"@type\":\"Organization\",\"@id\":\"https:\/\/carlosvirguez.com\/#organization\",\"name\":\"carlos-virguez\",\"url\":\"https:\/\/carlosvirguez.com\/\",\"logo\":{\"@type\":\"ImageObject\",\"inLanguage\":\"es\",\"@id\":\"https:\/\/carlosvirguez.com\/#\/schema\/logo\/image\/\",\"url\":\"https:\/\/carlosvirguez.com\/wp-content\/uploads\/2025\/07\/cropped-Recurso-1logo-transaparente.png\",\"contentUrl\":\"https:\/\/carlosvirguez.com\/wp-content\/uploads\/2025\/07\/cropped-Recurso-1logo-transaparente.png\",\"width\":1078,\"height\":792,\"caption\":\"carlos-virguez\"},\"image\":{\"@id\":\"https:\/\/carlosvirguez.com\/#\/schema\/logo\/image\/\"}}]}<\/script>\n<!-- \/ Yoast SEO plugin. -->","yoast_head_json":{"title":"Dise\u00f1ador gr\u00e1fico y creador de contenido - Dise\u00f1ador gr\u00e1fico y creador de contenido","robots":{"index":"index","follow":"follow","max-snippet":"max-snippet:-1","max-image-preview":"max-image-preview:large","max-video-preview":"max-video-preview:-1"},"canonical":"https:\/\/carlosvirguez.com\/","og_locale":"es_ES","og_type":"article","og_title":"Dise\u00f1ador gr\u00e1fico y creador de contenido - Dise\u00f1ador gr\u00e1fico y creador de contenido","og_description":"Dise\u00f1o, fotograf\u00eda y producci\u00f3n gr\u00e1fica para quetu marca hable por ti Planes pensados para emprendedores, empresas y creadores que buscan diferenciarse. whatsapeame \u00bfQu\u00e9 hago? Dise\u00f1os gr\u00e1ficos\u00a0y\u00a0dise\u00f1os web personalizados para empresas\u00a0 y emprendedores de todos los rubros. producci\u00f3n gr\u00e1fica e instalaciones\u00a0hago gestion para entregar un producto terminado y de calidad, Ofrecemos una amplia gama de servicios [&hellip;]","og_url":"https:\/\/carlosvirguez.com\/","og_site_name":"Dise\u00f1ador gr\u00e1fico y creador de contenido","article_modified_time":"2025-11-07T13:30:18+00:00","og_image":[{"width":1024,"height":683,"url":"https:\/\/carlosvirguez.com\/wp-content\/uploads\/2025\/11\/landing-page-1024x683.png","type":"image\/png"}],"twitter_card":"summary_large_image","twitter_misc":{"Tiempo de lectura":"2 minutos"},"schema":{"@context":"https:\/\/schema.org","@graph":[{"@type":"WebPage","@id":"https:\/\/carlosvirguez.com\/","url":"https:\/\/carlosvirguez.com\/","name":"Dise\u00f1ador gr\u00e1fico y creador de contenido - Dise\u00f1ador gr\u00e1fico y creador de contenido","isPartOf":{"@id":"https:\/\/carlosvirguez.com\/#website"},"primaryImageOfPage":{"@id":"https:\/\/carlosvirguez.com\/#primaryimage"},"image":{"@id":"https:\/\/carlosvirguez.com\/#primaryimage"},"thumbnailUrl":"https:\/\/carlosvirguez.com\/wp-content\/uploads\/2025\/11\/landing-page-2048x1366.png","datePublished":"2025-07-15T02:44:33+00:00","dateModified":"2025-11-07T13:30:18+00:00","breadcrumb":{"@id":"https:\/\/carlosvirguez.com\/#breadcrumb"},"inLanguage":"es","potentialAction":[{"@type":"ReadAction","target":["https:\/\/carlosvirguez.com\/"]}]},{"@type":"ImageObject","inLanguage":"es","@id":"https:\/\/carlosvirguez.com\/#primaryimage","url":"https:\/\/carlosvirguez.com\/wp-content\/uploads\/2025\/11\/landing-page-scaled.png","contentUrl":"https:\/\/carlosvirguez.com\/wp-content\/uploads\/2025\/11\/landing-page-scaled.png","width":2560,"height":1708},{"@type":"BreadcrumbList","@id":"https:\/\/carlosvirguez.com\/#breadcrumb","itemListElement":[{"@type":"ListItem","position":1,"name":"Portada","item":"https:\/\/carlosvirguez.com\/"},{"@type":"ListItem","position":2,"name":"Dise\u00f1ador gr\u00e1fico y creador de contenido"}]},{"@type":"WebSite","@id":"https:\/\/carlosvirguez.com\/#website","url":"https:\/\/carlosvirguez.com\/","name":"carlos-virguez","description":"Ayudo a marcas y emprendedores a destacar en redes con dise\u00f1o gr\u00e1fico, fotograf\u00eda, video y contenido impactante.","publisher":{"@id":"https:\/\/carlosvirguez.com\/#organization"},"alternateName":"soy-carlos","potentialAction":[{"@type":"SearchAction","target":{"@type":"EntryPoint","urlTemplate":"https:\/\/carlosvirguez.com\/?s={search_term_string}"},"query-input":{"@type":"PropertyValueSpecification","valueRequired":true,"valueName":"search_term_string"}}],"inLanguage":"es"},{"@type":"Organization","@id":"https:\/\/carlosvirguez.com\/#organization","name":"carlos-virguez","url":"https:\/\/carlosvirguez.com\/","logo":{"@type":"ImageObject","inLanguage":"es","@id":"https:\/\/carlosvirguez.com\/#\/schema\/logo\/image\/","url":"https:\/\/carlosvirguez.com\/wp-content\/uploads\/2025\/07\/cropped-Recurso-1logo-transaparente.png","contentUrl":"https:\/\/carlosvirguez.com\/wp-content\/uploads\/2025\/07\/cropped-Recurso-1logo-transaparente.png","width":1078,"height":792,"caption":"carlos-virguez"},"image":{"@id":"https:\/\/carlosvirguez.com\/#\/schema\/logo\/image\/"}}]}},"_links":{"self":[{"href":"https:\/\/carlosvirguez.com\/index.php\/wp-json\/wp\/v2\/pages\/40","targetHints":{"allow":["GET"]}}],"collection":[{"href":"https:\/\/carlosvirguez.com\/index.php\/wp-json\/wp\/v2\/pages"}],"about":[{"href":"https:\/\/carlosvirguez.com\/index.php\/wp-json\/wp\/v2\/types\/page"}],"author":[{"embeddable":true,"href":"https:\/\/carlosvirguez.com\/index.php\/wp-json\/wp\/v2\/users\/1"}],"replies":[{"embeddable":true,"href":"https:\/\/carlosvirguez.com\/index.php\/wp-json\/wp\/v2\/comments?post=40"}],"version-history":[{"count":197,"href":"https:\/\/carlosvirguez.com\/index.php\/wp-json\/wp\/v2\/pages\/40\/revisions"}],"predecessor-version":[{"id":299,"href":"https:\/\/carlosvirguez.com\/index.php\/wp-json\/wp\/v2\/pages\/40\/revisions\/299"}],"wp:attachment":[{"href":"https:\/\/carlosvirguez.com\/index.php\/wp-json\/wp\/v2\/media?parent=40"}],"curies":[{"name":"wp","href":"https:\/\/api.w.org\/{rel}","templated":true}]}}